{"id":1293,"date":"2020-10-02T18:01:59","date_gmt":"2020-10-02T16:01:59","guid":{"rendered":"http:\/\/ecobornefrance.com\/?page_id=1293"},"modified":"2020-12-15T22:35:43","modified_gmt":"2020-12-15T21:35:43","slug":"subventions","status":"publish","type":"page","link":"https:\/\/ecobornefrance.com\/index.php\/subventions\/","title":{"rendered":"SUBVENTIONS"},"content":{"rendered":"<p>[vc_row full_width=\u00a0\u00bbstretch_row\u00a0\u00bb css_animation=\u00a0\u00bbfadeInDown\u00a0\u00bb bg_type=\u00a0\u00bbbg_color\u00a0\u00bb bg_override=\u00a0\u00bbex-full\u00a0\u00bb type=\u00a0\u00bbvc_default\u00a0\u00bb bg_color_value=\u00a0\u00bb#ffffff\u00a0\u00bb css=\u00a0\u00bb.vc_custom_1606675163891{padding-top: 70px !important;padding-bottom: 20px !important;background-color: #ffffff !important;}\u00a0\u00bb][vc_column css=\u00a0\u00bb.vc_custom_1606669807531{padding-bottom: 40px !important;}\u00a0\u00bb]<div id=\"ultimate-heading-458769e1dacad3673\" class=\"uvc-heading ult-adjust-bottom-margin ultimate-heading-458769e1dacad3673 uvc-2680 \" data-hspacer=\"line_only\"  data-halign=\"center\" style=\"text-align:center\"><div class=\"uvc-main-heading ult-responsive\"  data-ultimate-target='.uvc-heading.ultimate-heading-458769e1dacad3673 h2'  data-responsive-json-new='{\"font-size\":\"desktop:40px;\",\"line-height\":\"desktop:46px;\"}' ><h2 style=\"font-weight:bold;margin-bottom:15px;\">Des subventions pour financer vos projets<\/h2><\/div><div class=\"uvc-heading-spacer line_only\" style=\"topheight:2px;\"><span class=\"uvc-headings-line\" style=\"border-style:solid;border-bottom-width:2px;border-color:#4399d5;width:200px;\"><\/span><\/div><\/div>[\/vc_column][vc_column offset=\u00a0\u00bbvc_col-lg-6 vc_col-md-12&Prime; css=\u00a0\u00bb.vc_custom_1606669743206{padding-bottom: 50px !important;}\u00a0\u00bb]<style type=\"text\/css\" data-type=\"the7_shortcodes-inline-css\">.shortcode-single-image-wrap.shortcode-single-image-ee1807b86be3f677e874dfcc839e724c.enable-bg-rollover .rollover i,\n.shortcode-single-image-wrap.shortcode-single-image-ee1807b86be3f677e874dfcc839e724c.enable-bg-rollover .rollover-video i {\n  background: ;\n  background: -webkit-linear-gradient();\n  background: linear-gradient();\n}\n.shortcode-single-image-wrap.shortcode-single-image-ee1807b86be3f677e874dfcc839e724c .rollover-icon {\n  font-size: 32px;\n  color: #ffffff;\n  min-width: 44px;\n  min-height: 44px;\n  line-height: 44px;\n  border-radius: 100px;\n  border-style: solid;\n  border-width: 0px;\n}\n.dt-icon-bg-on.shortcode-single-image-wrap.shortcode-single-image-ee1807b86be3f677e874dfcc839e724c .rollover-icon {\n  background: rgba(255,255,255,0.3);\n  box-shadow: none;\n}\n<\/style><div class=\"shortcode-single-image-wrap shortcode-single-image-ee1807b86be3f677e874dfcc839e724c alignnone  vc_custom_1608068138893 enable-bg-rollover dt-icon-bg-off\" ><div class=\"shortcode-single-image\"><div class=\"fancy-media-wrap  layzr-bg\" style=\"\"><img class=\"preload-me lazy-load\" src=\"data:image\/svg+xml,%3Csvg%20xmlns%3D&#39;http%3A%2F%2Fwww.w3.org%2F2000%2Fsvg&#39;%20viewBox%3D&#39;0%200%201200%20620&#39;%2F%3E\" data-src=\"https:\/\/ecobornefrance.com\/wp-content\/uploads\/2020\/12\/money-2724241_1920-1200x620.jpg\" data-srcset=\"https:\/\/ecobornefrance.com\/wp-content\/uploads\/2020\/12\/money-2724241_1920-1200x620.jpg 1200w, https:\/\/ecobornefrance.com\/wp-content\/uploads\/2020\/12\/money-2724241_1920-1920x992.jpg 1920w\" width=\"1200\" height=\"620\"  data-dt-location=\"https:\/\/ecobornefrance.com\/money-2724241_1920-2\/\" style=\"\" alt=\"\" \/><\/div><\/div><\/div>[\/vc_column][vc_column offset=\u00a0\u00bbvc_col-lg-6 vc_col-md-12&Prime; css=\u00a0\u00bb.vc_custom_1606669760807{padding-bottom: 20px !important;padding-left: 40px !important;}\u00a0\u00bb][vc_column_text]La transition du monde des v\u00e9hicules classiques vers des v\u00e9hicules plus respectueux de l&rsquo;environnement est de plus en plus importante. C&rsquo;est dans cette d\u00e9marche que l&rsquo;\u00c9tat a mis en place <strong>diff\u00e9rentes sources de financements<\/strong> pour aider les entreprises, copropri\u00e9t\u00e9s et m\u00eame les particuliers dans leur projet d&rsquo;installation de bornes pour v\u00e9hicules \u00e9lectriques.<\/p>\n<p>EcoBorne France vous accompagne dans vos d\u00e9marches en prenant en charge, pour vous, <strong>le montage de vos dossiers de subventions<\/strong>. Notre objectif ? <strong>Vous offrir la meilleure prise en charge possible gr\u00e2ce \u00e0 notre expertise et nos connaissances.<\/strong>[\/vc_column_text]<style type=\"text\/css\" data-type=\"the7_shortcodes-inline-css\">#default-btn-b508e42d4d2c0863523f396f038df570.ico-right-side > i {\n  margin-right: 0px;\n  margin-left: 8px;\n}\n#default-btn-b508e42d4d2c0863523f396f038df570 > i {\n  margin-right: 8px;\n}\n#default-btn-b508e42d4d2c0863523f396f038df570 * {\n  vertical-align: middle;\n}\n<\/style><a href=\"http:\/\/ecobornefrance.com\/index.php\/contact\/\" class=\"default-btn-shortcode dt-btn dt-btn-s pulse animate-element animation-builder link-hover-off btn-inline-right \" target=\"_blank\" id=\"default-btn-b508e42d4d2c0863523f396f038df570\" title=\"Contact\" rel=\"noopener\"><span>Besoin d&rsquo;un financement ? Contactez-nous ?<\/span><\/a>[\/vc_column][\/vc_row][vc_row full_width=\u00a0\u00bbstretch_row\u00a0\u00bb css_animation=\u00a0\u00bbfadeInRight\u00a0\u00bb type=\u00a0\u00bbvc_default\u00a0\u00bb margin_top=\u00a0\u00bb60&Prime; margin_bottom=\u00a0\u00bb-40&Prime; css=\u00a0\u00bb.vc_custom_1606675177583{padding-top: 50px !important;padding-bottom: 15px !important;background-color: #f5f5f5 !important;}\u00a0\u00bb][vc_column css=\u00a0\u00bb.vc_custom_1606674699163{padding-bottom: 40px !important;}\u00a0\u00bb]<div id=\"ultimate-heading-604869e1dacad4305\" class=\"uvc-heading ult-adjust-bottom-margin ultimate-heading-604869e1dacad4305 uvc-7579 accent-border-color\" data-hspacer=\"line_only\"  data-halign=\"center\" style=\"text-align:center\"><div class=\"uvc-main-heading ult-responsive\"  data-ultimate-target='.uvc-heading.ultimate-heading-604869e1dacad4305 h2'  data-responsive-json-new='{\"font-size\":\"desktop:40px;\",\"line-height\":\"desktop:46px;\"}' ><h2 style=\"font-weight:bold;margin-bottom:20px;\">De nombreux organismes de subventions<\/h2><\/div><div class=\"uvc-heading-spacer line_only\" style=\"topheight:5px;\"><span class=\"uvc-headings-line\" style=\"border-style:solid;border-bottom-width:5px;border-color:;width:200px;\"><\/span><\/div><\/div>[vc_column_text css=\u00a0\u00bb.vc_custom_1606673937687{padding-top: 40px !important;padding-bottom: 40px !important;}\u00a0\u00bb]<\/p>\n<h6 style=\"text-align: center;\">De <strong>nombreux organismes de financement<\/strong> ont vu le jour et attribuent des primes pour toute installation de bornes de v\u00e9hicules \u00e9lectriques. Voici une <em>liste non-exhaustive<\/em> des organismes que nous sollicitons chez EcoBorne France. Pour conna\u00eetre tous les financements disponibles pour votre projet, n&rsquo;h\u00e9sitez pas \u00e0 <a href=\"http:\/\/ecobornefrance.com\/index.php\/contact\/\">nous contacter.<\/a><\/h6>\n<p>[\/vc_column_text][vc_row_inner][vc_column_inner width=\u00a0\u00bb1\/2&Prime;]<div class=\"aio-icon-component  vc_custom_1606672841376  accent-icon-bg style_1\"><div id=\"Info-box-wrap-7441\" class=\"aio-icon-box left-icon\" style=\"\"  ><div class=\"aio-icon-left\"><div class=\"ult-just-icon-wrapper  \"><div class=\"align-icon\" style=\"text-align:center;\">\n<div class=\"aio-icon advanced \"  style=\"color:#ffffff;background:#4399d5;border-style:;border-color:#333333;border-width:1px;width:34px;height:34px;line-height:34px;border-radius:500px;font-size:16px;display:inline-block;\">\n\t<i class=\"fas fa-euro-sign\"><\/i>\n<\/div><\/div><\/div><\/div><div class=\"aio-ibd-block\"><div class=\"aio-icon-header\" ><h3 class=\"aio-icon-title ult-responsive\"  data-ultimate-target='#Info-box-wrap-7441 .aio-icon-title'  data-responsive-json-new='{\"font-size\":\"desktop:16px;\",\"line-height\":\"desktop:26px;\"}'  style=\"\">Prime Advenir<\/h3><\/div> <!-- header --><div class=\"aio-icon-description ult-responsive\"  data-ultimate-target='#Info-box-wrap-7441 .aio-icon-description'  data-responsive-json-new='{\"font-size\":\"\",\"line-height\":\"\"}'  style=\"\"><span class=\"elementor-drop-cap\"><span class=\"elementor-drop-cap-letter\">C<\/span><\/span>r\u00e9\u00e9 en 2016, la prime ADVENIR couvre les co\u00fbts de fourniture et d\u2019installation de points de recharge pour les<strong>\u00a0parkings priv\u00e9s, les points de recharge ouverts au public et pour le r\u00e9sidentiel collectif.<\/strong><\/div> <!-- description --><\/div> <!-- aio-ibd-block --><\/div> <!-- aio-icon-box --><\/div> <!-- aio-icon-component --><div class=\"aio-icon-component  vc_custom_1606673103186  accent-icon-bg style_1\"><div id=\"Info-box-wrap-1643\" class=\"aio-icon-box left-icon\" style=\"\"  ><div class=\"aio-icon-left\"><div class=\"ult-just-icon-wrapper  \"><div class=\"align-icon\" style=\"text-align:center;\">\n<div class=\"aio-icon advanced \"  style=\"color:#ffffff;background:#4399d5;border-style:;border-color:#333333;border-width:1px;width:34px;height:34px;line-height:34px;border-radius:500px;font-size:16px;display:inline-block;\">\n\t<i class=\"fas fa-euro-sign\"><\/i>\n<\/div><\/div><\/div><\/div><div class=\"aio-ibd-block\"><div class=\"aio-icon-header\" ><h3 class=\"aio-icon-title ult-responsive\"  data-ultimate-target='#Info-box-wrap-1643 .aio-icon-title'  data-responsive-json-new='{\"font-size\":\"desktop:16px;\",\"line-height\":\"desktop:26px;\"}'  style=\"\">Cr\u00e9dit CITE<\/h3><\/div> <!-- header --><div class=\"aio-icon-description ult-responsive\"  data-ultimate-target='#Info-box-wrap-1643 .aio-icon-description'  data-responsive-json-new='{\"font-size\":\"\",\"line-height\":\"\"}'  style=\"\">Le cr\u00e9dit d&rsquo;imp\u00f4t transition \u00e9nerg\u00e9tique (CITE) permet de d\u00e9duire de votre imp\u00f4t sur le revenu une partie des d\u00e9penses engag\u00e9es pour vos travaux d&rsquo;am\u00e9lioration de l&rsquo;efficacit\u00e9 \u00e9nerg\u00e9tique de votre logement.<\/div> <!-- description --><\/div> <!-- aio-ibd-block --><\/div> <!-- aio-icon-box --><\/div> <!-- aio-icon-component --><div class=\"aio-icon-component  vc_custom_1606673208567  accent-icon-bg style_1\"><div id=\"Info-box-wrap-7461\" class=\"aio-icon-box left-icon\" style=\"\"  ><div class=\"aio-icon-left\"><div class=\"ult-just-icon-wrapper  \"><div class=\"align-icon\" style=\"text-align:center;\">\n<div class=\"aio-icon advanced \"  style=\"color:#ffffff;background:#4399d5;border-style:;border-color:#333333;border-width:1px;width:34px;height:34px;line-height:34px;border-radius:500px;font-size:16px;display:inline-block;\">\n\t<i class=\"fas fa-euro-sign\"><\/i>\n<\/div><\/div><\/div><\/div><div class=\"aio-ibd-block\"><div class=\"aio-icon-header\" ><h3 class=\"aio-icon-title ult-responsive\"  data-ultimate-target='#Info-box-wrap-7461 .aio-icon-title'  data-responsive-json-new='{\"font-size\":\"desktop:16px;\",\"line-height\":\"desktop:26px;\"}'  style=\"\">Aide de la ville de Paris<\/h3><\/div> <!-- header --><div class=\"aio-icon-description ult-responsive\"  data-ultimate-target='#Info-box-wrap-7461 .aio-icon-description'  data-responsive-json-new='{\"font-size\":\"\",\"line-height\":\"\"}'  style=\"\">La ville de Paris propose diff\u00e9rentes aides pour les copropri\u00e9t\u00e9s souhaitant installer un point de recharge \u00e0 destination des r\u00e9sidents et visiteurs.<\/div> <!-- description --><\/div> <!-- aio-ibd-block --><\/div> <!-- aio-icon-box --><\/div> <!-- aio-icon-component -->[vc_column_text]<em>Tableau de droite : montant maximal d\u2019aide vers\u00e9e a \u00e9t\u00e9 fix\u00e9 pour chaque cible vis\u00e9e par le programme ADVENIR.<\/em><\/p>\n<p>[\/vc_column_text][\/vc_column_inner][vc_column_inner width=\u00a0\u00bb1\/2&Prime; css=\u00a0\u00bb.vc_custom_1606674019246{padding-left: 30px !important;}\u00a0\u00bb][vc_single_image image=\u00a0\u00bb1351&Prime; img_size=\u00a0\u00bb865&#215;687&Prime; alignment=\u00a0\u00bbcenter\u00a0\u00bb css=\u00a0\u00bb.vc_custom_1606674061648{padding-left: 30px !important;}\u00a0\u00bb][\/vc_column_inner][\/vc_row_inner][\/vc_column][\/vc_row][vc_row css_animation=\u00a0\u00bbfadeIn\u00a0\u00bb bg_type=\u00a0\u00bbimage\u00a0\u00bb parallax_style=\u00a0\u00bbvcpb-vz-jquery\u00a0\u00bb bg_image_new=\u00a0\u00bbid^1248|url^http:\/\/ecobornefrance.com\/wp-content\/uploads\/2020\/09\/Capture-de\u0301cran-2020-09-28-a\u0300-14.08.38.png|caption^null|alt^installation de borne de voiture \u00e9lectrique|title^Capture d\u2019e\u0301cran 2020-09-28 a\u0300 14.08.38|description^null\u00a0\u00bb bg_image_repeat=\u00a0\u00bbno-repeat\u00a0\u00bb bg_override=\u00a0\u00bbfull\u00a0\u00bb enable_overlay=\u00a0\u00bbenable_overlay_value\u00a0\u00bb overlay_color=\u00a0\u00bbrgba(0,0,0,0.5)\u00a0\u00bb type=\u00a0\u00bbvc_default\u00a0\u00bb css=\u00a0\u00bb.vc_custom_1606675203161{padding-top: 70px !important;padding-bottom: 80px !important;}\u00a0\u00bb][vc_column width=\u00a0\u00bb2\/3&Prime;]<div id=\"ultimate-heading-576469e1dacad45fb\" class=\"uvc-heading ult-adjust-bottom-margin ultimate-heading-576469e1dacad45fb uvc-1081 \" data-hspacer=\"no_spacer\"  data-halign=\"left\" style=\"text-align:left\"><div class=\"uvc-heading-spacer no_spacer\" style=\"top\"><\/div><div class=\"uvc-main-heading ult-responsive\"  data-ultimate-target='.uvc-heading.ultimate-heading-576469e1dacad45fb h2'  data-responsive-json-new='{\"font-size\":\"desktop:32px;mobile:26px;\",\"line-height\":\"desktop:42px;\"}' ><h2 style=\"font-weight:bold;color:#ffffff;margin-bottom:20px;\">EcoBorne France se charge de toutes vos demandes de subventions.<\/h2><\/div><div class=\"uvc-sub-heading ult-responsive\"  data-ultimate-target='.uvc-heading.ultimate-heading-576469e1dacad45fb .uvc-sub-heading '  data-responsive-json-new='{\"font-size\":\"desktop:18px;mobile:16px;\",\"line-height\":\"desktop:30px;\"}'  style=\"font-weight:normal;color:#ffffff;margin-bottom:30px;\">Vous avez un projet d&rsquo;installation de recharge de v\u00e9hicules \u00e9lectriques ? Nous vous proposons la prise en charge compl\u00e8te de vos dossiers de subventions pour tous vos projets d&rsquo;installations. Un service d\u00e9di\u00e9 \u00e0 tous nos clients, sans co\u00fbt suppl\u00e9mentaire.<\/div><\/div><style type=\"text\/css\" data-type=\"the7_shortcodes-inline-css\">#default-btn-c29a8cb9b0a307d029cdccfebff9f58f.ico-right-side > i {\n  margin-right: 0px;\n  margin-left: 8px;\n}\n#default-btn-c29a8cb9b0a307d029cdccfebff9f58f > i {\n  margin-right: 8px;\n}\n#default-btn-c29a8cb9b0a307d029cdccfebff9f58f * {\n  vertical-align: middle;\n}\n<\/style><div class=\"btn-align-left\"><a href=\"http:\/\/ecobornefrance.com\/index.php\/contact\/\" class=\"default-btn-shortcode dt-btn dt-btn-m link-hover-off \" target=\"_blank\" id=\"default-btn-c29a8cb9b0a307d029cdccfebff9f58f\" rel=\"noopener\"><span>J&rsquo;ai un projet d&rsquo;installation<\/span><\/a><\/div>[\/vc_column][\/vc_row]<\/p>\n","protected":false},"excerpt":{"rendered":"<p>[vc_row full_width=\u00a0\u00bbstretch_row\u00a0\u00bb css_animation=\u00a0\u00bbfadeInDown\u00a0\u00bb bg_type=\u00a0\u00bbbg_color\u00a0\u00bb bg_override=\u00a0\u00bbex-full\u00a0\u00bb type=\u00a0\u00bbvc_default\u00a0\u00bb bg_color_value=\u00a0\u00bb#ffffff\u00a0\u00bb css=\u00a0\u00bb.vc_custom_1606675163891{padding-top: 70px !important;padding-bottom: 20px !important;background-color: #ffffff !important;}\u00a0\u00bb][vc_column css=\u00a0\u00bb.vc_custom_1606669807531{padding-bottom: 40px !important;}\u00a0\u00bb][\/vc_column][vc_column offset=\u00a0\u00bbvc_col-lg-6 vc_col-md-12&Prime; css=\u00a0\u00bb.vc_custom_1606669743206{padding-bottom: 50px !important;}\u00a0\u00bb][\/vc_column][vc_column offset=\u00a0\u00bbvc_col-lg-6 vc_col-md-12&Prime; css=\u00a0\u00bb.vc_custom_1606669760807{padding-bottom: 20px !important;padding-left: 40px !important;}\u00a0\u00bb][vc_column_text]La transition du monde des v\u00e9hicules classiques vers des v\u00e9hicules plus respectueux de l&rsquo;environnement est de plus en plus importante. C&rsquo;est dans cette d\u00e9marche que l&rsquo;\u00c9tat a&hellip;<\/p>\n","protected":false},"author":1,"featured_media":0,"parent":0,"menu_order":2,"comment_status":"closed","ping_status":"closed","template":"","meta":{"spay_email":""},"_links":{"self":[{"href":"https:\/\/ecobornefrance.com\/index.php\/wp-json\/wp\/v2\/pages\/1293"}],"collection":[{"href":"https:\/\/ecobornefrance.com\/index.php\/wp-json\/wp\/v2\/pages"}],"about":[{"href":"https:\/\/ecobornefrance.com\/index.php\/wp-json\/wp\/v2\/types\/page"}],"author":[{"embeddable":true,"href":"https:\/\/ecobornefrance.com\/index.php\/wp-json\/wp\/v2\/users\/1"}],"replies":[{"embeddable":true,"href":"https:\/\/ecobornefrance.com\/index.php\/wp-json\/wp\/v2\/comments?post=1293"}],"version-history":[{"count":8,"href":"https:\/\/ecobornefrance.com\/index.php\/wp-json\/wp\/v2\/pages\/1293\/revisions"}],"predecessor-version":[{"id":1386,"href":"https:\/\/ecobornefrance.com\/index.php\/wp-json\/wp\/v2\/pages\/1293\/revisions\/1386"}],"wp:attachment":[{"href":"https:\/\/ecobornefrance.com\/index.php\/wp-json\/wp\/v2\/media?parent=1293"}],"curies":[{"name":"wp","href":"https:\/\/api.w.org\/{rel}","templated":true}]}}